{"id":253,"date":"2013-06-08T22:54:47","date_gmt":"2013-06-08T21:54:47","guid":{"rendered":"http:\/\/localhost:8888\/wordpress\/?page_id=253"},"modified":"2026-01-31T18:55:04","modified_gmt":"2026-01-31T17:55:04","slug":"contact-links","status":"publish","type":"page","link":"http:\/\/marcbenoliel.com\/?page_id=253","title":{"rendered":"Contact \/Links"},"content":{"rendered":"\n<p><\/p>\n\n\n\n<div class=\"wp-block-columns is-layout-flex wp-container-core-columns-is-layout-9d6595d7 wp-block-columns-is-layout-flex\">\n<div class=\"wp-block-column is-layout-flow wp-block-column-is-layout-flow\">\n<figure class=\"wp-block-image size-large\"><img loading=\"lazy\" decoding=\"async\" width=\"1024\" height=\"683\" src=\"http:\/\/marcbenoliel.com\/wp-content\/uploads\/2023\/01\/MARC_color_2-1024x683.jpg\" alt=\"a small light\" class=\"wp-image-715\" srcset=\"http:\/\/marcbenoliel.com\/wp-content\/uploads\/2023\/01\/MARC_color_2-1024x683.jpg 1024w, http:\/\/marcbenoliel.com\/wp-content\/uploads\/2023\/01\/MARC_color_2-300x200.jpg 300w, http:\/\/marcbenoliel.com\/wp-content\/uploads\/2023\/01\/MARC_color_2-768x512.jpg 768w, http:\/\/marcbenoliel.com\/wp-content\/uploads\/2023\/01\/MARC_color_2-1536x1024.jpg 1536w, http:\/\/marcbenoliel.com\/wp-content\/uploads\/2023\/01\/MARC_color_2-2048x1365.jpg 2048w\" sizes=\"auto, (max-width: 1024px) 100vw, 1024px\" \/><\/figure>\n<\/div>\n\n\n\n<div class=\"wp-block-column is-layout-flow wp-block-column-is-layout-flow\">\n<h2 style=\"text-align: center;\"><strong>Marc B\u00e9noliel<\/strong>\u00a0<\/h2>\n<h3 style=\"text-align: center;\">+33 ( 0 ) 6 43 86 79 01<strong>\u00a0<\/strong><\/h3>\n<p style=\"text-align: center;\">marc.d.benoliel@gmail.com<\/p>\n<\/div>\n<\/div>\n\n\n<\/p>\n<h4 style=\"text-align: center;\"><strong>RUSSELL TODD AGENCY<\/strong><\/h4>\n<p style=\"text-align: center;\">rta@russelltoddagency.com<br \/>+1(818)9851130<br \/>www.russelltoddagency.com<\/p>\n<\/p>\n<p style=\"text-align: center;\">Bas\u00e9 en r\u00e9gion Ile-de-France et en R\u00e9gion PACA- <em>Based in Paris and Marseille<\/em><\/p>\n<p style=\"text-align: center;\"><a href=\"http:\/\/www.theaco.net\/index.asp?x=1\"><img loading=\"lazy\" decoding=\"async\" class=\"alignnone wp-image-120\" src=\"http:\/\/marcbenoliel.com\/wp-content\/uploads\/2013\/06\/ACO_Logo_New.jpg\" alt=\"ACO\" width=\"120\" height=\"57\" \/>\u00a0 \u00a0 \u00a0<\/a><a href=\"https:\/\/www.imdb.com\/name\/nm2766508\/?ref_=fn_al_nm_1\"><img loading=\"lazy\" decoding=\"async\" class=\"alignnone wp-image-423 \" src=\"http:\/\/marcbenoliel.com\/wp-content\/uploads\/2013\/06\/IMDB-App-Logo-150x150.png\" alt=\"\" width=\"54\" height=\"54\" \/>\u00a0 \u00a0 \u00a0 <\/a><a href=\"https:\/\/www.instagram.com\/kroma_landai\/\"><img loading=\"lazy\" decoding=\"async\" class=\"alignnone wp-image-580 \" src=\"http:\/\/marcbenoliel.com\/wp-content\/uploads\/2018\/09\/download-70x70.jpg\" alt=\"\" width=\"54\" height=\"54\" srcset=\"http:\/\/marcbenoliel.com\/wp-content\/uploads\/2018\/09\/download-70x70.jpg 70w, http:\/\/marcbenoliel.com\/wp-content\/uploads\/2018\/09\/download.jpg 220w\" sizes=\"auto, (max-width: 54px) 100vw, 54px\" \/>\u00a0 \u00a0 \u00a0 <\/a><a href=\"https:\/\/www.afcs.fr\/Membres-actifs.html\"><img loading=\"lazy\" decoding=\"async\" class=\"alignnone wp-image-647\" src=\"http:\/\/marcbenoliel.com\/wp-content\/uploads\/2019\/01\/download-1-e1547303522899.jpg\" alt=\"\" width=\"100\" height=\"53\" \/>\u00a0\u00a0\u00a0\u00a0\u00a0<\/a><\/p>\n<p style=\"text-align: center;\">Website Cinematographer \/ Chef op\u00e9rateur \u00a0 \u00a0 \u00a0 \u00a0 \u00a0<a href=\"http:\/\/marc-benoliel.com\/\"><img loading=\"lazy\" decoding=\"async\" class=\"alignnone wp-image-686 \" src=\"http:\/\/marcbenoliel.com\/wp-content\/uploads\/2020\/05\/Capture-d\u2019e\u0301cran-2020-05-24-a\u0300-15.56.54.png\" alt=\"\" width=\"246\" height=\"37\" srcset=\"http:\/\/marcbenoliel.com\/wp-content\/uploads\/2020\/05\/Capture-d\u2019e\u0301cran-2020-05-24-a\u0300-15.56.54.png 612w, http:\/\/marcbenoliel.com\/wp-content\/uploads\/2020\/05\/Capture-d\u2019e\u0301cran-2020-05-24-a\u0300-15.56.54-300x45.png 300w, http:\/\/marcbenoliel.com\/wp-content\/uploads\/2020\/05\/Capture-d\u2019e\u0301cran-2020-05-24-a\u0300-15.56.54-604x92.png 604w\" sizes=\"auto, (max-width: 246px) 100vw, 246px\" \/><\/a><\/p>\n\n\n<p><\/p>\n","protected":false},"excerpt":{"rendered":"<p>Marc B\u00e9noliel\u00a0 +33 ( 0 ) 6 43 86 79 01\u00a0 marc.d.benoliel@gmail.com RUSSELL TODD AGENCY rta@russelltoddagency.com+1(818)9851130www.russelltoddagency.com Bas\u00e9 en r\u00e9gion Ile-de-France et en R\u00e9gion PACA- Based in Paris and Marseille \u00a0 \u00a0 \u00a0\u00a0 \u00a0 \u00a0 \u00a0 \u00a0 \u00a0 \u00a0\u00a0\u00a0\u00a0\u00a0 Website Cinematographer \/ Chef op\u00e9rateur \u00a0 \u00a0 \u00a0 \u00a0 \u00a0<\/p>\n","protected":false},"author":1,"featured_media":0,"parent":0,"menu_order":0,"comment_status":"closed","ping_status":"closed","template":"","meta":{"footnotes":""},"class_list":["post-253","page","type-page","status-publish","hentry"],"_links":{"self":[{"href":"http:\/\/marcbenoliel.com\/index.php?rest_route=\/wp\/v2\/pages\/253","targetHints":{"allow":["GET"]}}],"collection":[{"href":"http:\/\/marcbenoliel.com\/index.php?rest_route=\/wp\/v2\/pages"}],"about":[{"href":"http:\/\/marcbenoliel.com\/index.php?rest_route=\/wp\/v2\/types\/page"}],"author":[{"embeddable":true,"href":"http:\/\/marcbenoliel.com\/index.php?rest_route=\/wp\/v2\/users\/1"}],"replies":[{"embeddable":true,"href":"http:\/\/marcbenoliel.com\/index.php?rest_route=%2Fwp%2Fv2%2Fcomments&post=253"}],"version-history":[{"count":65,"href":"http:\/\/marcbenoliel.com\/index.php?rest_route=\/wp\/v2\/pages\/253\/revisions"}],"predecessor-version":[{"id":796,"href":"http:\/\/marcbenoliel.com\/index.php?rest_route=\/wp\/v2\/pages\/253\/revisions\/796"}],"wp:attachment":[{"href":"http:\/\/marcbenoliel.com\/index.php?rest_route=%2Fwp%2Fv2%2Fmedia&parent=253"}],"curies":[{"name":"wp","href":"https:\/\/api.w.org\/{rel}","templated":true}]}}