{"id":7,"date":"2013-06-01T15:41:06","date_gmt":"2013-06-01T14:41:06","guid":{"rendered":"http:\/\/localhost:8888\/wordpress\/?page_id=7"},"modified":"2023-02-14T18:18:03","modified_gmt":"2023-02-14T17:18:03","slug":"equipement","status":"publish","type":"page","link":"http:\/\/marcbenoliel.com\/?page_id=7","title":{"rendered":"Mat\u00e9riel \/ Gear"},"content":{"rendered":"\n<ul class=\"wp-block-list\"><\/ul>\n\n\n\n<div class=\"wp-block-columns is-layout-flex wp-container-core-columns-is-layout-9d6595d7 wp-block-columns-is-layout-flex\">\n<div class=\"wp-block-column is-layout-flow wp-block-column-is-layout-flow\">\n<h4 style=\"text-align: center;\">GPI PRO\u00a0Cine Live<\/h4>\n<p style=\"text-align: center;\">( Pour tout type de cam\u00e9ras Num\u00e9rique et Films )<\/p>\n<hr \/>\n<h4 style=\"text-align: center;\">Bras GPI PRO Titan<\/h4>\n<p style=\"text-align: center;\">( de 6 \u00e0 32 kg )<\/p>\n<hr \/>\n<h4 style=\"text-align: center;\">Cinemonitor Transvideo HD-6<\/h4>\n<p style=\"text-align: center;\">( 2000 Nits &#8211; Bulle gyrocompens\u00e9e )<\/p>\n<p style=\"text-align: center;\"><strong>Volt<\/strong><\/p>\n<hr \/>\n<h4 style=\"text-align: center;\">Harnais Steadicam 3A<\/h4>\n<p style=\"text-align: center;\"><strong>Walter Klassen Garfield<\/strong><\/p>\n<p style=\"text-align: center;\"><strong>8 Batteries IDX 96 Wh<\/strong><\/p>\n<\/div>\n\n\n\n<div class=\"wp-block-column is-layout-flow wp-block-column-is-layout-flow\">\n<figure class=\"wp-block-image size-large\"><img loading=\"lazy\" decoding=\"async\" width=\"806\" height=\"1024\" src=\"http:\/\/marcbenoliel.com\/wp-content\/uploads\/2021\/06\/IMG_1042-1-806x1024.jpeg\" alt=\"\" class=\"wp-image-695\" srcset=\"http:\/\/marcbenoliel.com\/wp-content\/uploads\/2021\/06\/IMG_1042-1-806x1024.jpeg 806w, http:\/\/marcbenoliel.com\/wp-content\/uploads\/2021\/06\/IMG_1042-1-236x300.jpeg 236w, http:\/\/marcbenoliel.com\/wp-content\/uploads\/2021\/06\/IMG_1042-1-768x976.jpeg 768w, http:\/\/marcbenoliel.com\/wp-content\/uploads\/2021\/06\/IMG_1042-1-1209x1536.jpeg 1209w, http:\/\/marcbenoliel.com\/wp-content\/uploads\/2021\/06\/IMG_1042-1-1611x2048.jpeg 1611w, http:\/\/marcbenoliel.com\/wp-content\/uploads\/2021\/06\/IMG_1042-1-scaled.jpeg 2014w\" sizes=\"auto, (max-width: 806px) 100vw, 806px\" \/><\/figure>\n<\/div>\n<\/div>\n","protected":false},"excerpt":{"rendered":"<p>GPI PRO\u00a0Cine Live ( Pour tout type de cam\u00e9ras Num\u00e9rique et Films ) Bras GPI PRO Titan ( de 6 \u00e0 32 kg ) Cinemonitor Transvideo HD-6 ( 2000 Nits &#8211; Bulle gyrocompens\u00e9e ) Volt Harnais Steadicam 3A Walter Klassen Garfield 8 Batteries IDX 96 Wh<\/p>\n","protected":false},"author":1,"featured_media":0,"parent":0,"menu_order":0,"comment_status":"closed","ping_status":"closed","template":"","meta":{"footnotes":""},"class_list":["post-7","page","type-page","status-publish","hentry"],"_links":{"self":[{"href":"http:\/\/marcbenoliel.com\/index.php?rest_route=\/wp\/v2\/pages\/7","targetHints":{"allow":["GET"]}}],"collection":[{"href":"http:\/\/marcbenoliel.com\/index.php?rest_route=\/wp\/v2\/pages"}],"about":[{"href":"http:\/\/marcbenoliel.com\/index.php?rest_route=\/wp\/v2\/types\/page"}],"author":[{"embeddable":true,"href":"http:\/\/marcbenoliel.com\/index.php?rest_route=\/wp\/v2\/users\/1"}],"replies":[{"embeddable":true,"href":"http:\/\/marcbenoliel.com\/index.php?rest_route=%2Fwp%2Fv2%2Fcomments&post=7"}],"version-history":[{"count":110,"href":"http:\/\/marcbenoliel.com\/index.php?rest_route=\/wp\/v2\/pages\/7\/revisions"}],"predecessor-version":[{"id":748,"href":"http:\/\/marcbenoliel.com\/index.php?rest_route=\/wp\/v2\/pages\/7\/revisions\/748"}],"wp:attachment":[{"href":"http:\/\/marcbenoliel.com\/index.php?rest_route=%2Fwp%2Fv2%2Fmedia&parent=7"}],"curies":[{"name":"wp","href":"https:\/\/api.w.org\/{rel}","templated":true}]}}